{"id":24608,"date":"2025-08-22T17:11:37","date_gmt":"2025-08-22T17:11:37","guid":{"rendered":"https:\/\/brightmooncenter.com\/?page_id=24608"},"modified":"2025-09-02T07:47:38","modified_gmt":"2025-09-02T07:47:38","slug":"elaq%c9%99","status":"publish","type":"page","link":"https:\/\/brightmooncenter.com\/az\/elaq%c9%99\/","title":{"rendered":"\u018flaq\u0259"},"content":{"rendered":"\t\t<div data-elementor-type=\"wp-page\" data-elementor-id=\"24608\" class=\"elementor elementor-24608 elementor-23897\">\n\t\t\t\t\t\t<section class=\"elementor-section elementor-top-section elementor-element elementor-element-bb16f80 elementor-section-boxed elementor-section-height-default elementor-section-height-default\" data-id=\"bb16f80\" data-element_type=\"section\" data-settings=\"{&quot;background_background&quot;:&quot;classic&quot;}\">\n\t\t\t\t\t\t<div class=\"elementor-container elementor-column-gap-extended\">\n\t\t\t\t\t<div class=\"elementor-column elementor-col-100 elementor-top-column elementor-element elementor-element-58a755b elementor-invisible\" data-id=\"58a755b\" data-element_type=\"column\" data-settings=\"{&quot;animation&quot;:&quot;edublink--slide-up&quot;,&quot;animation_delay&quot;:50,&quot;background_background&quot;:&quot;classic&quot;}\">\n\t\t\t<div class=\"elementor-widget-wrap elementor-element-populated\">\n\t\t\t\t\t\t<section class=\"elementor-section elementor-inner-section elementor-element elementor-element-04f24bc elementor-section-boxed elementor-section-height-default elementor-section-height-default\" data-id=\"04f24bc\" data-element_type=\"section\">\n\t\t\t\t\t\t<div class=\"elementor-container elementor-column-gap-extended\">\n\t\t\t\t\t<div class=\"elementor-column elementor-col-100 elementor-inner-column elementor-element elementor-element-adbd79e\" data-id=\"adbd79e\" data-element_type=\"column\">\n\t\t\t<div class=\"elementor-widget-wrap elementor-element-populated\">\n\t\t\t\t\t\t<div class=\"elementor-element elementor-element-5108bff elementor-widget__width-auto elementor-absolute elementor-hidden-tablet elementor-hidden-mobile elementor-invisible elementor-widget elementor-widget-edublink-animation\" data-id=\"5108bff\" data-element_type=\"widget\" data-settings=\"{&quot;_position&quot;:&quot;absolute&quot;,&quot;_animation&quot;:&quot;fadeIn&quot;,&quot;_animation_delay&quot;:1000}\" data-widget_type=\"edublink-animation.default\">\n\t\t\t\t<div class=\"elementor-widget-container\">\n\t\t\t\t\t<div class=\"edublink-animation-widget edublink-animation-display-type-mouse-track edublink-animation-content-type-image edublink-mouse-track-item\"><span data-depth=\"1.5\"><img decoding=\"async\" src=\"https:\/\/brightmooncenter.com\/wp-content\/uploads\/2023\/05\/shape-42.png\" alt=\"Hero Shape 33\"><\/span><\/div>\t\t\t\t<\/div>\n\t\t\t\t<\/div>\n\t\t\t\t<div class=\"elementor-element elementor-element-e261e83 elementor-widget__width-auto elementor-absolute elementor-hidden-tablet elementor-hidden-mobile elementor-invisible elementor-widget elementor-widget-edublink-animation\" data-id=\"e261e83\" data-element_type=\"widget\" data-settings=\"{&quot;_position&quot;:&quot;absolute&quot;,&quot;_animation&quot;:&quot;fadeIn&quot;,&quot;_animation_delay&quot;:1000}\" data-widget_type=\"edublink-animation.default\">\n\t\t\t\t<div class=\"elementor-widget-container\">\n\t\t\t\t\t<div class=\"edublink-animation-widget edublink-animation-display-type-mouse-track edublink-animation-content-type-image edublink-mouse-track-item\"><span data-depth=\"1.8\"><img decoding=\"async\" src=\"https:\/\/brightmooncenter.com\/wp-content\/uploads\/2023\/05\/shape-72.png\" alt=\"Hero Shape 48\"><\/span><\/div>\t\t\t\t<\/div>\n\t\t\t\t<\/div>\n\t\t\t\t<div class=\"elementor-element elementor-element-af906a3 elementor-widget__width-inherit elementor-invisible elementor-widget elementor-widget-heading\" data-id=\"af906a3\" data-element_type=\"widget\" data-settings=\"{&quot;_animation&quot;:&quot;edublink--slide-up&quot;,&quot;_animation_delay&quot;:150}\" data-widget_type=\"heading.default\">\n\t\t\t\t\t<h1 class=\"elementor-heading-title elementor-size-default\">S\u0259n d\u0259 u\u011fur hekay\u0259ni yaz<\/h1>\t\t\t\t<\/div>\n\t\t\t\t<div class=\"elementor-element elementor-element-640a285 elementor-widget__width-initial elementor-widget-mobile__width-inherit elementor-widget elementor-widget-text-editor\" data-id=\"640a285\" data-element_type=\"widget\" data-widget_type=\"text-editor.default\">\n\t\t\t\t\t\t\t\t\t<p>Brightmooncenter ail\u0259sin\u0259 qo\u015ful v\u0259 \u00f6z u\u011fur hekay\u0259ni yarat. Biz s\u0259nin yan\u0131nda olaca\u011f\u0131q.<\/p>\t\t\t\t\t\t\t\t<\/div>\n\t\t\t\t\t<\/div>\n\t\t<\/div>\n\t\t\t\t\t<\/div>\n\t\t<\/section>\n\t\t\t\t<section class=\"elementor-section elementor-inner-section elementor-element elementor-element-2d1765c elementor-section-boxed elementor-section-height-default elementor-section-height-default elementor-invisible\" data-id=\"2d1765c\" data-element_type=\"section\" data-settings=\"{&quot;animation&quot;:&quot;edublink--slide-up&quot;,&quot;animation_delay&quot;:150}\">\n\t\t\t\t\t\t<div class=\"elementor-container elementor-column-gap-narrow\">\n\t\t\t\t\t<div class=\"elementor-column elementor-col-50 elementor-inner-column elementor-element elementor-element-80110d9\" data-id=\"80110d9\" data-element_type=\"column\" data-settings=\"{&quot;background_background&quot;:&quot;classic&quot;}\">\n\t\t\t<div class=\"elementor-widget-wrap elementor-element-populated\">\n\t\t\t\t\t\t<div class=\"elementor-element elementor-element-47f9286 elementor-position-left elementor-widget__width-inherit elementor-view-stacked elementor-shape-circle elementor-mobile-position-top elementor-widget elementor-widget-icon-box\" data-id=\"47f9286\" data-element_type=\"widget\" data-widget_type=\"icon-box.default\">\n\t\t\t\t\t\t\t<div class=\"elementor-icon-box-wrapper\">\n\n\t\t\t\t\t\t<div class=\"elementor-icon-box-icon\">\n\t\t\t\t<span  class=\"elementor-icon\">\n\t\t\t\t<svg xmlns=\"http:\/\/www.w3.org\/2000\/svg\" width=\"24\" height=\"24\" viewBox=\"0 0 24 24\" fill=\"none\"><path d=\"M21 10C21 17 12 23 12 23C12 23 3 17 3 10C3 7.61305 3.94821 5.32387 5.63604 3.63604C7.32387 1.94821 9.61305 1 12 1C14.3869 1 16.6761 1.94821 18.364 3.63604C20.0518 5.32387 21 7.61305 21 10Z\" stroke=\"#FD6015\" stroke-width=\"2\" stroke-linecap=\"round\" stroke-linejoin=\"round\"><\/path><path d=\"M12 13C13.6569 13 15 11.6569 15 10C15 8.34315 13.6569 7 12 7C10.3431 7 9 8.34315 9 10C9 11.6569 10.3431 13 12 13Z\" stroke=\"#FD6015\" stroke-width=\"2\" stroke-linecap=\"round\" stroke-linejoin=\"round\"><\/path><\/svg>\t\t\t\t<\/span>\n\t\t\t<\/div>\n\t\t\t\n\t\t\t\t\t\t<div class=\"elementor-icon-box-content\">\n\n\t\t\t\t\t\t\t\t\t<h3 class=\"elementor-icon-box-title\">\n\t\t\t\t\t\t<span  >\n\t\t\t\t\t\t\t\u00dcnvan\u0131m\u0131z\t\t\t\t\t\t<\/span>\n\t\t\t\t\t<\/h3>\n\t\t\t\t\n\t\t\t\t\t\t\t\t\t<p class=\"elementor-icon-box-description\">\n\t\t\t\t\t\t1564 Goosetown Drive <br> Matthews, NC 28105\t\t\t\t\t<\/p>\n\t\t\t\t\n\t\t\t<\/div>\n\t\t\t\n\t\t<\/div>\n\t\t\t\t\t\t<\/div>\n\t\t\t\t<div class=\"elementor-element elementor-element-ef70e1d elementor-position-left elementor-widget__width-inherit elementor-view-stacked elementor-shape-circle elementor-mobile-position-top elementor-widget elementor-widget-icon-box\" data-id=\"ef70e1d\" data-element_type=\"widget\" data-widget_type=\"icon-box.default\">\n\t\t\t\t\t\t\t<div class=\"elementor-icon-box-wrapper\">\n\n\t\t\t\t\t\t<div class=\"elementor-icon-box-icon\">\n\t\t\t\t<span  class=\"elementor-icon\">\n\t\t\t\t<svg xmlns=\"http:\/\/www.w3.org\/2000\/svg\" width=\"24\" height=\"24\" viewBox=\"0 0 24 24\" fill=\"none\"><path d=\"M12 6V12L16 14M22 12C22 17.5228 17.5228 22 12 22C6.47715 22 2 17.5228 2 12C2 6.47715 6.47715 2 12 2C17.5228 2 22 6.47715 22 12Z\" stroke=\"#FD6015\" stroke-width=\"2\" stroke-linecap=\"round\" stroke-linejoin=\"round\"><\/path><\/svg>\t\t\t\t<\/span>\n\t\t\t<\/div>\n\t\t\t\n\t\t\t\t\t\t<div class=\"elementor-icon-box-content\">\n\n\t\t\t\t\t\t\t\t\t<h3 class=\"elementor-icon-box-title\">\n\t\t\t\t\t\t<span  >\n\t\t\t\t\t\t\t\u0130\u015fl\u0259m\u0259 saatlar\u0131\t\t\t\t\t\t<\/span>\n\t\t\t\t\t<\/h3>\n\t\t\t\t\n\t\t\t\t\t\t\t\t\t<p class=\"elementor-icon-box-description\">\n\t\t\t\t\t\tMon - Fri: 9.00am to 5.00pm <br> \u015e\u0259nb\u0259 12:00-a kimi\t\t\t\t\t<\/p>\n\t\t\t\t\n\t\t\t<\/div>\n\t\t\t\n\t\t<\/div>\n\t\t\t\t\t\t<\/div>\n\t\t\t\t<div class=\"elementor-element elementor-element-24debd2 elementor-position-left elementor-widget__width-inherit elementor-view-stacked elementor-shape-circle elementor-mobile-position-top elementor-widget elementor-widget-icon-box\" data-id=\"24debd2\" data-element_type=\"widget\" data-widget_type=\"icon-box.default\">\n\t\t\t\t\t\t\t<div class=\"elementor-icon-box-wrapper\">\n\n\t\t\t\t\t\t<div class=\"elementor-icon-box-icon\">\n\t\t\t\t<span  class=\"elementor-icon\">\n\t\t\t\t<svg xmlns=\"http:\/\/www.w3.org\/2000\/svg\" width=\"24\" height=\"24\" viewBox=\"0 0 24 24\" fill=\"none\"><path d=\"M15.0499 5C16.0267 5.19057 16.9243 5.66826 17.628 6.37194C18.3317 7.07561 18.8094 7.97326 18.9999 8.95M15.0499 1C17.0792 1.22544 18.9715 2.13417 20.4162 3.57701C21.8608 5.01984 22.7719 6.91101 22.9999 8.94M21.9999 16.92V19.92C22.0011 20.1985 21.944 20.4742 21.8324 20.7293C21.7209 20.9845 21.5572 21.2136 21.352 21.4019C21.1468 21.5901 20.9045 21.7335 20.6407 21.8227C20.3769 21.9119 20.0973 21.9451 19.8199 21.92C16.7428 21.5856 13.7869 20.5341 11.1899 18.85C8.77376 17.3147 6.72527 15.2662 5.18993 12.85C3.49991 10.2412 2.44818 7.27099 2.11993 4.18C2.09494 3.90347 2.12781 3.62476 2.21643 3.36162C2.30506 3.09849 2.4475 2.85669 2.6347 2.65162C2.82189 2.44655 3.04974 2.28271 3.30372 2.17052C3.55771 2.05833 3.83227 2.00026 4.10993 2H7.10993C7.59524 1.99522 8.06572 2.16708 8.43369 2.48353C8.80166 2.79999 9.04201 3.23945 9.10993 3.72C9.23656 4.68007 9.47138 5.62273 9.80993 6.53C9.94448 6.88792 9.9736 7.27691 9.89384 7.65088C9.81408 8.02485 9.6288 8.36811 9.35993 8.64L8.08993 9.91C9.51349 12.4135 11.5864 14.4864 14.0899 15.91L15.3599 14.64C15.6318 14.3711 15.9751 14.1858 16.3491 14.1061C16.723 14.0263 17.112 14.0555 17.4699 14.19C18.3772 14.5286 19.3199 14.7634 20.2799 14.89C20.7657 14.9585 21.2093 15.2032 21.5265 15.5775C21.8436 15.9518 22.0121 16.4296 21.9999 16.92Z\" stroke=\"#FD6015\" stroke-width=\"2\" stroke-linecap=\"round\" stroke-linejoin=\"round\"><\/path><\/svg>\t\t\t\t<\/span>\n\t\t\t<\/div>\n\t\t\t\n\t\t\t\t\t\t<div class=\"elementor-icon-box-content\">\n\n\t\t\t\t\t\t\t\t\t<h3 class=\"elementor-icon-box-title\">\n\t\t\t\t\t\t<span  >\n\t\t\t\t\t\t\t\u018flaq\u0259 m\u0259lumatlar\u0131\t\t\t\t\t\t<\/span>\n\t\t\t\t\t<\/h3>\n\t\t\t\t\n\t\t\t\t\t\t\t\t\t<p class=\"elementor-icon-box-description\">\n\t\t\t\t\t\t+99- 35895-4565 <br> supportyou@info.com\t\t\t\t\t<\/p>\n\t\t\t\t\n\t\t\t<\/div>\n\t\t\t\n\t\t<\/div>\n\t\t\t\t\t\t<\/div>\n\t\t\t\t\t<\/div>\n\t\t<\/div>\n\t\t\t\t<div class=\"elementor-column elementor-col-50 elementor-inner-column elementor-element elementor-element-057754c\" data-id=\"057754c\" data-element_type=\"column\">\n\t\t\t<div class=\"elementor-widget-wrap elementor-element-populated\">\n\t\t\t\t<div class=\"elementor-element elementor-element-1ba5e47 e-con-full contact-form-custom-css e-flex e-con e-child\" data-id=\"1ba5e47\" data-element_type=\"container\">\n\t\t\t\t<div class=\"elementor-element elementor-element-fdbbdbc elementor-widget elementor-widget-edublink-contact-form-seven\" data-id=\"fdbbdbc\" data-element_type=\"widget\" data-widget_type=\"edublink-contact-form-seven.default\">\n\t\t\t\t<div class=\"elementor-widget-container\">\n\t\t\t\t\t<div class=\"edublink-contact-form-wrapper\">\n<div class=\"wpcf7 no-js\" id=\"wpcf7-f24831-o1\" lang=\"az\" dir=\"ltr\" data-wpcf7-id=\"24831\">\n<div class=\"screen-reader-response\"><p role=\"status\" aria-live=\"polite\" aria-atomic=\"true\"><\/p> <ul><\/ul><\/div>\n<form action=\"\/az\/wp-json\/wp\/v2\/pages\/24608#wpcf7-f24831-o1\" method=\"post\" class=\"wpcf7-form init\" aria-label=\"Contact form\" novalidate=\"novalidate\" data-status=\"init\">\n<fieldset class=\"hidden-fields-container\"><input type=\"hidden\" name=\"_wpcf7\" value=\"24831\" \/><input type=\"hidden\" name=\"_wpcf7_version\" value=\"6.1.2\" \/><input type=\"hidden\" name=\"_wpcf7_locale\" value=\"az\" \/><input type=\"hidden\" name=\"_wpcf7_unit_tag\" value=\"wpcf7-f24831-o1\" \/><input type=\"hidden\" name=\"_wpcf7_container_post\" value=\"0\" \/><input type=\"hidden\" name=\"_wpcf7_posted_data_hash\" value=\"\" \/>\n<\/fieldset>\n<div class=\"edublink-contact-form-wrapper eb-contact-us-form\">\n\t<div class=\"edublink-contact-form-single-item\">\n\t\t<div class=\"edublink-contact-form-single-item-content\">\n\t\t\t<p><span class=\"wpcf7-form-control-wrap\" data-name=\"text-245\"><input size=\"40\" maxlength=\"400\" class=\"wpcf7-form-control wpcf7-text wpcf7-validates-as-required edublink-contact-form-field\" aria-required=\"true\" aria-invalid=\"false\" placeholder=\"Ad, soyad *\" value=\"\" type=\"text\" name=\"text-245\" \/><\/span>\n\t\t\t<\/p>\n\t\t<\/div>\n\t<\/div>\n\t<div class=\"edublink-contact-form-single-item\">\n\t\t<div class=\"edublink-contact-form-single-item-content\">\n\t\t\t<p><span class=\"wpcf7-form-control-wrap\" data-name=\"email-349\"><input size=\"40\" maxlength=\"400\" class=\"wpcf7-form-control wpcf7-email wpcf7-validates-as-required wpcf7-text wpcf7-validates-as-email edublink-contact-form-field\" aria-required=\"true\" aria-invalid=\"false\" placeholder=\"E-po\u00e7t *\" value=\"\" type=\"email\" name=\"email-349\" \/><\/span>\n\t\t\t<\/p>\n\t\t<\/div>\n\t<\/div>\n\t<div class=\"edublink-contact-form-single-item\">\n\t\t<div class=\"edublink-contact-form-single-item-content\">\n\t\t\t<p><span class=\"wpcf7-form-control-wrap\" data-name=\"text-245\"><input size=\"40\" maxlength=\"400\" class=\"wpcf7-form-control wpcf7-text wpcf7-validates-as-required edublink-contact-form-field\" aria-required=\"true\" aria-invalid=\"false\" placeholder=\"Telefon n\u00f6mr\u0259si *\" value=\"\" type=\"text\" name=\"text-245\" \/><\/span>\n\t\t\t<\/p>\n\t\t<\/div>\n\t<\/div>\n\t<div class=\"edublink-contact-form-single-item\">\n\t\t<div class=\"edublink-contact-form-single-item-content\">\n\t\t\t<p><span class=\"wpcf7-form-control-wrap\" data-name=\"text-447\"><input size=\"40\" maxlength=\"400\" class=\"wpcf7-form-control wpcf7-text wpcf7-validates-as-required edublink-contact-form-field\" aria-required=\"true\" aria-invalid=\"false\" placeholder=\"M\u00f6vzu *\" value=\"\" type=\"text\" name=\"text-447\" \/><\/span>\n\t\t\t<\/p>\n\t\t<\/div>\n\t<\/div>\n\t<div class=\"edublink-contact-form-single-item\">\n\t\t<div class=\"edublink-contact-form-single-item-content edublink-contact-form-textarea\">\n\t\t\t<p><span class=\"wpcf7-form-control-wrap\" data-name=\"textarea-865\"><textarea cols=\"40\" rows=\"4\" maxlength=\"2000\" class=\"wpcf7-form-control wpcf7-textarea wpcf7-validates-as-required edublink-contact-form-textarea edublink-contact-form-field\" aria-required=\"true\" aria-invalid=\"false\" placeholder=\"Mesaj\u0131n\u0131z\" name=\"textarea-865\"><\/textarea><\/span>\n\t\t\t<\/p>\n\t\t<\/div>\n\t<\/div>\n\t<div class=\"edublink-contact-form-single-item eb-contact-button\">\n\t\t<div class=\"eb-contact-button-wrapper\">\n\t\t\t<p><input class=\"wpcf7-form-control wpcf7-submit has-spinner edublink-button-with-icon\" type=\"submit\" value=\"Mesaj\u0131 g\u00f6nd\u0259r\" \/>\n\t\t\t<\/p>\n\t\t<\/div>\n\t<\/div>\n<\/div><div class=\"wpcf7-response-output\" aria-hidden=\"true\"><\/div>\n<\/form>\n<\/div>\n<\/div>\t\t\t\t<\/div>\n\t\t\t\t<\/div>\n\t\t\t\t<\/div>\n\t\t\t\t\t<\/div>\n\t\t<\/div>\n\t\t\t\t\t<\/div>\n\t\t<\/section>\n\t\t\t\t<div class=\"elementor-element elementor-element-e23fae0 elementor-absolute elementor-widget elementor-widget-image\" data-id=\"e23fae0\" data-element_type=\"widget\" data-settings=\"{&quot;_position&quot;:&quot;absolute&quot;}\" data-widget_type=\"image.default\">\n\t\t\t\t\t\t\t\t\t\t\t\t\t\t\t<img decoding=\"async\" src=\"https:\/\/brightmooncenter.com\/wp-content\/uploads\/elementor\/thumbs\/Rectangle-8680-ramxvy9tdykwymymrx32hkzfcz1t7nnc4oe4naf1nw.png\" title=\"Rectangle 8680\" alt=\"Rectangle 8680\" loading=\"lazy\" \/>\t\t\t\t\t\t\t\t\t\t\t\t\t\t\t<\/div>\n\t\t\t\t\t<\/div>\n\t\t<\/div>\n\t\t\t\t\t<\/div>\n\t\t<\/section>\n\t\t\t\t<\/div>\n\t\t","protected":false},"excerpt":{"rendered":"<p>S\u0259n d\u0259 u\u011fur hekay\u0259ni yaz Brightmooncenter ail\u0259sin\u0259 qo\u015ful v\u0259 \u00f6z u\u011fur hekay\u0259ni yarat. Biz s\u0259nin yan\u0131nda olaca\u011f\u0131q. \u00dcnvan\u0131m\u0131z 1564 Goosetown Drive Matthews, NC 28105 \u0130\u015fl\u0259m\u0259 saatlar\u0131 Mon &#8211; Fri: 9.00am to 5.00pm \u015e\u0259nb\u0259 12:00-a kimi \u018flaq\u0259 m\u0259lumatlar\u0131 +99- 35895-4565 supportyou@info.com<\/p>\n","protected":false},"author":1,"featured_media":0,"parent":0,"menu_order":0,"comment_status":"closed","ping_status":"closed","template":"","meta":{"footnotes":""},"class_list":["post-24608","page","type-page","status-publish","hentry"],"_links":{"self":[{"href":"https:\/\/brightmooncenter.com\/az\/wp-json\/wp\/v2\/pages\/24608","targetHints":{"allow":["GET"]}}],"collection":[{"href":"https:\/\/brightmooncenter.com\/az\/wp-json\/wp\/v2\/pages"}],"about":[{"href":"https:\/\/brightmooncenter.com\/az\/wp-json\/wp\/v2\/types\/page"}],"author":[{"embeddable":true,"href":"https:\/\/brightmooncenter.com\/az\/wp-json\/wp\/v2\/users\/1"}],"replies":[{"embeddable":true,"href":"https:\/\/brightmooncenter.com\/az\/wp-json\/wp\/v2\/comments?post=24608"}],"version-history":[{"count":16,"href":"https:\/\/brightmooncenter.com\/az\/wp-json\/wp\/v2\/pages\/24608\/revisions"}],"predecessor-version":[{"id":24965,"href":"https:\/\/brightmooncenter.com\/az\/wp-json\/wp\/v2\/pages\/24608\/revisions\/24965"}],"wp:attachment":[{"href":"https:\/\/brightmooncenter.com\/az\/wp-json\/wp\/v2\/media?parent=24608"}],"curies":[{"name":"wp","href":"https:\/\/api.w.org\/{rel}","templated":true}]}}