{"id":24644,"date":"2025-08-31T15:11:16","date_gmt":"2025-08-31T15:11:16","guid":{"rendered":"https:\/\/brightmooncenter.com\/?page_id=24644"},"modified":"2025-09-02T09:40:38","modified_gmt":"2025-09-02T09:40:38","slug":"kurslar","status":"publish","type":"page","link":"https:\/\/brightmooncenter.com\/az\/kurslar\/","title":{"rendered":"Kurslar"},"content":{"rendered":"\t\t<div data-elementor-type=\"wp-page\" data-elementor-id=\"24644\" class=\"elementor elementor-24644 elementor-24611\">\n\t\t\t\t\t\t<section class=\"elementor-section elementor-top-section elementor-element elementor-element-61e1db5 elementor-section-full_width elementor-section-height-min-height elementor-section-height-default elementor-section-items-middle\" data-id=\"61e1db5\" data-element_type=\"section\" data-settings=\"{&quot;background_background&quot;:&quot;classic&quot;}\">\n\t\t\t\t\t\t<div class=\"elementor-container elementor-column-gap-no\">\n\t\t\t\t\t<div class=\"elementor-column elementor-col-100 elementor-top-column elementor-element elementor-element-f0d451f\" data-id=\"f0d451f\" data-element_type=\"column\">\n\t\t\t<div class=\"elementor-widget-wrap elementor-element-populated\">\n\t\t\t\t\t\t<section class=\"elementor-section elementor-inner-section elementor-element elementor-element-5a847ca elementor-section-boxed elementor-section-height-default elementor-section-height-default\" data-id=\"5a847ca\" data-element_type=\"section\">\n\t\t\t\t\t\t<div class=\"elementor-container elementor-column-gap-extended\">\n\t\t\t\t\t<div class=\"elementor-column elementor-col-100 elementor-inner-column elementor-element elementor-element-288c4c1\" data-id=\"288c4c1\" data-element_type=\"column\">\n\t\t\t<div class=\"elementor-widget-wrap elementor-element-populated\">\n\t\t\t\t\t\t<div class=\"elementor-element elementor-element-2927e8b elementor-widget__width-auto elementor-absolute elementor-hidden-tablet elementor-hidden-mobile elementor-invisible elementor-widget elementor-widget-edublink-animation\" data-id=\"2927e8b\" data-element_type=\"widget\" data-settings=\"{&quot;_position&quot;:&quot;absolute&quot;,&quot;_animation&quot;:&quot;fadeIn&quot;,&quot;_animation_delay&quot;:1000}\" data-widget_type=\"edublink-animation.default\">\n\t\t\t\t<div class=\"elementor-widget-container\">\n\t\t\t\t\t<div class=\"edublink-animation-widget edublink-animation-display-type-mouse-track edublink-animation-content-type-image edublink-mouse-track-item\"><span data-depth=\"1.5\"><img decoding=\"async\" src=\"https:\/\/brightmooncenter.com\/wp-content\/uploads\/2023\/05\/shape-42.png\" alt=\"Hero Shape 33\"><\/span><\/div>\t\t\t\t<\/div>\n\t\t\t\t<\/div>\n\t\t\t\t<div class=\"elementor-element elementor-element-8bbe4f1 elementor-widget__width-auto elementor-absolute elementor-hidden-tablet elementor-hidden-mobile elementor-invisible elementor-widget elementor-widget-edublink-animation\" data-id=\"8bbe4f1\" data-element_type=\"widget\" data-settings=\"{&quot;_position&quot;:&quot;absolute&quot;,&quot;_animation&quot;:&quot;fadeIn&quot;,&quot;_animation_delay&quot;:1000}\" data-widget_type=\"edublink-animation.default\">\n\t\t\t\t<div class=\"elementor-widget-container\">\n\t\t\t\t\t<div class=\"edublink-animation-widget edublink-animation-display-type-mouse-track edublink-animation-content-type-image edublink-mouse-track-item\"><span data-depth=\"1.8\"><img decoding=\"async\" src=\"https:\/\/brightmooncenter.com\/wp-content\/uploads\/2023\/05\/shape-72.png\" alt=\"Hero Shape 48\"><\/span><\/div>\t\t\t\t<\/div>\n\t\t\t\t<\/div>\n\t\t\t\t<div class=\"elementor-element elementor-element-886d465 elementor-widget__width-inherit elementor-invisible elementor-widget elementor-widget-heading\" data-id=\"886d465\" data-element_type=\"widget\" data-settings=\"{&quot;_animation&quot;:&quot;edublink--slide-up&quot;,&quot;_animation_delay&quot;:150}\" data-widget_type=\"heading.default\">\n\t\t\t\t\t<h1 class=\"elementor-heading-title elementor-size-default\">S\u0259nin u\u011furun \u00fc\u00e7\u00fcn haz\u0131rlanm\u0131\u015f <br>kurslar<\/h1>\t\t\t\t<\/div>\n\t\t\t\t<div class=\"elementor-element elementor-element-fa78ce9 elementor-widget__width-initial elementor-widget-mobile__width-inherit elementor-widget elementor-widget-text-editor\" data-id=\"fa78ce9\" data-element_type=\"widget\" data-widget_type=\"text-editor.default\">\n\t\t\t\t\t\t\t\t\t<p>Brightmooncenter-d\u0259 t\u0259klif olunan b\u00fct\u00fcn kurslar t\u0259l\u0259b\u0259l\u0259rin real ehtiyaclar\u0131na uy\u011fun \u015f\u0259kild\u0259 haz\u0131rlan\u0131b. \u0130st\u0259r ali m\u0259kt\u0259b\u0259 haz\u0131rla\u015f, ist\u0259r burax\u0131l\u0131\u015f imtahanlar\u0131ndan y\u00fcks\u0259k bal topla, ist\u0259rs\u0259 d\u0259 ingilis dilind\u0259 s\u0259rb\u0259st dan\u0131\u015f \u2013 biz s\u0259nin yan\u0131nday\u0131q.<\/p>\t\t\t\t\t\t\t\t<\/div>\n\t\t\t\t\t<\/div>\n\t\t<\/div>\n\t\t\t\t\t<\/div>\n\t\t<\/section>\n\t\t\t\t\t<\/div>\n\t\t<\/div>\n\t\t\t\t\t<\/div>\n\t\t<\/section>\n\t\t\t\t<section class=\"elementor-section elementor-top-section elementor-element elementor-element-5c96ac2 elementor-section-full_width elementor-section-height-min-height elementor-hidden-desktop elementor-hidden-tablet elementor-hidden-mobile elementor-section-height-default elementor-section-items-middle\" data-id=\"5c96ac2\" data-element_type=\"section\" data-settings=\"{&quot;background_background&quot;:&quot;classic&quot;}\">\n\t\t\t\t\t\t<div class=\"elementor-container elementor-column-gap-no\">\n\t\t\t\t\t<div class=\"elementor-column elementor-col-100 elementor-top-column elementor-element elementor-element-4c52d6b\" data-id=\"4c52d6b\" data-element_type=\"column\">\n\t\t\t<div class=\"elementor-widget-wrap elementor-element-populated\">\n\t\t\t\t\t\t<section class=\"elementor-section elementor-inner-section elementor-element elementor-element-07df4f8 elementor-section-boxed elementor-section-height-default elementor-section-height-default\" data-id=\"07df4f8\" data-element_type=\"section\">\n\t\t\t\t\t\t<div class=\"elementor-container elementor-column-gap-extended\">\n\t\t\t\t\t<div class=\"elementor-column elementor-col-100 elementor-inner-column elementor-element elementor-element-a7ed8af\" data-id=\"a7ed8af\" data-element_type=\"column\">\n\t\t\t<div class=\"elementor-widget-wrap elementor-element-populated\">\n\t\t\t\t\t\t<div class=\"elementor-element elementor-element-ef8eb9d elementor-widget__width-inherit elementor-invisible elementor-widget elementor-widget-heading\" data-id=\"ef8eb9d\" data-element_type=\"widget\" data-settings=\"{&quot;_animation&quot;:&quot;edublink--slide-up&quot;,&quot;_animation_delay&quot;:150}\" data-widget_type=\"heading.default\">\n\t\t\t\t\t<h1 class=\"elementor-heading-title elementor-size-default\">S\u0259nin u\u011furun \u00fc\u00e7\u00fcn haz\u0131rlanm\u0131\u015f kurslar<\/h1>\t\t\t\t<\/div>\n\t\t\t\t<div class=\"elementor-element elementor-element-4da690e elementor-widget__width-initial elementor-widget elementor-widget-text-editor\" data-id=\"4da690e\" data-element_type=\"widget\" data-widget_type=\"text-editor.default\">\n\t\t\t\t\t\t\t\t\t<p>Brightmooncenter-d\u0259 t\u0259klif olunan b\u00fct\u00fcn kurslar t\u0259l\u0259b\u0259l\u0259rin real ehtiyaclar\u0131na uy\u011fun \u015f\u0259kild\u0259 haz\u0131rlan\u0131b. \u0130st\u0259r ali m\u0259kt\u0259b\u0259 haz\u0131rla\u015f, ist\u0259r burax\u0131l\u0131\u015f imtahanlar\u0131ndan y\u00fcks\u0259k bal topla, ist\u0259rs\u0259 d\u0259 ingilis dilind\u0259 s\u0259rb\u0259st dan\u0131\u015f \u2013 biz s\u0259nin yan\u0131nday\u0131q.<\/p>\t\t\t\t\t\t\t\t<\/div>\n\t\t\t\t\t<\/div>\n\t\t<\/div>\n\t\t\t\t\t<\/div>\n\t\t<\/section>\n\t\t\t\t\t<\/div>\n\t\t<\/div>\n\t\t\t\t\t<\/div>\n\t\t<\/section>\n\t\t\t\t<section class=\"elementor-section elementor-top-section elementor-element elementor-element-26387b8f elementor-section-content-top elementor-section-boxed elementor-section-height-default elementor-section-height-default\" data-id=\"26387b8f\" data-element_type=\"section\" data-settings=\"{&quot;background_background&quot;:&quot;classic&quot;}\">\n\t\t\t\t\t\t<div class=\"elementor-container elementor-column-gap-extended\">\n\t\t\t\t\t<div class=\"elementor-column elementor-col-100 elementor-top-column elementor-element elementor-element-7fcda47b elementor-invisible\" data-id=\"7fcda47b\" data-element_type=\"column\" data-settings=\"{&quot;animation&quot;:&quot;edublink--slide-up&quot;,&quot;animation_delay&quot;:50}\">\n\t\t\t<div class=\"elementor-widget-wrap elementor-element-populated\">\n\t\t\t\t<div class=\"elementor-element elementor-element-ec67e2a e-flex e-con-boxed e-con e-parent\" data-id=\"ec67e2a\" data-element_type=\"container\">\n\t\t\t\t\t<div class=\"e-con-inner\">\n\t\t\t\t<div class=\"elementor-element elementor-element-40ba917 elementor-widget elementor-widget-edublink-tl-courses\" data-id=\"40ba917\" data-element_type=\"widget\" data-widget_type=\"edublink-tl-courses.default\">\n\t\t\t\t<div class=\"elementor-widget-container\">\n\t\t\t\t\t<div class=\"edublink-course-widget-wrapper edublink-filter-type-cat-filter\" id=\"edublink-filterable-course-id-40ba917\"><div class=\"edublink-course-filter-wrapper\"><div class=\"edublink-filter-course edublink-category-controls-yes edublink-filter-fullwidth-\"><span data-filter=\"*\" class=\"filter-item current\">All<\/span><span class=\"filter-item\" data-filter=\".abituriyent\">Abituriyent<\/span><span class=\"filter-item\" data-filter=\".buraxilis-imtahanlari\">Burax\u0131l\u0131\u015f imtahanlar\u0131<\/span><span class=\"filter-item\" data-filter=\".ingilis-dili\">\u0130ngilis dili<\/span><span class=\"filter-item\" data-filter=\".t%c9%99kmill%c9%99sdirm%c9%99\">T\u0259kmill\u0259\u015fdirm\u0259<\/span><\/div><\/div><div class=\"edublink-course-filter-type-cat-filter eb-tutor-archive-courses edublink-course-archive edublink-lms-courses-grid edublink-row\" id=\"filters-40ba917\">            <div id=\"post-25003\" class=\"abituriyent buraxilis-imtahanlari edublink-course-style-1 edublink-course-1-grid-item edublink-col-lg-4 edublink-col-md-6 edublink-col-sm-6 post-25003 courses type-courses status-publish has-post-thumbnail hentry course-category-abituriyent course-category-buraxilis-imtahanlari\" class=\"edublink-course-style-1 edublink-course-1-grid-item edublink-col-lg-4 edublink-col-md-6 edublink-col-sm-6 post-25003 courses type-courses status-publish has-post-thumbnail hentry course-category-abituriyent course-category-buraxilis-imtahanlari\"  data-sal>\n                <div class=\"edublink-single-course course-style-1\"><div class=\"inner\"><div class=\"thumbnail\"><a class=\"course-thumb\" href=\"https:\/\/brightmooncenter.com\/az\/courses\/komputer-saslari\/\"><img decoding=\"async\" class=\"w-100\" src=\"https:\/\/brightmooncenter.com\/wp-content\/uploads\/2023\/07\/gallery-01.webp\" alt=\"gallery-01\"><\/a><div class=\"time-top\"><span class=\"duration\"><i class=\"icon-61\"><\/i><\/span><\/div><\/div><div class=\"content\"><span class=\"course-level\">Orta<\/span><h6 class=\"title\"><a href=\"https:\/\/brightmooncenter.com\/az\/courses\/komputer-saslari\/\">Komp\u00fcter \u0259saslar\u0131<\/a><\/h6><div class=\"course-rating\"><\/div><div class=\"course-price\">\t\t\t\t\t<div class=\"price\">\n\t\t\t\t\t\t<del aria-hidden=\"true\"><span class=\"woocommerce-Price-amount amount\"><span class=\"woocommerce-Price-currencySymbol\">&#8380;<\/span>12<span class=\"decimal-separator\">.00<\/span><\/span><\/del> <span class=\"screen-reader-text\">Original price was: &#8380;12.00.<\/span><ins aria-hidden=\"true\"><span class=\"woocommerce-Price-amount amount\"><span class=\"woocommerce-Price-currencySymbol\">&#8380;<\/span>11<span class=\"decimal-separator\">.00<\/span><\/span><\/ins><span class=\"screen-reader-text\">Current price is: &#8380;11.00.<\/span>\t\t\t\t\t<\/div>\n\t\t\t\t\t<\/div><ul class=\"course-meta\"><li><i class=\"icon-24\"><\/i>0 Lessons<\/li><li><i class=\"icon-25 icon-course\"><\/i>0 Students<\/li><\/ul><\/div><\/div><div class=\"course-hover-content-wrapper\"><div class=\"wishlist-top-right\"><a href=\"javascript:;\"  class=\"tutor-open-login-modal save-bookmark-btn\" data-course-id=\"25003\">\n\t\t\t\t<i class=\"edublink-wishlist-wrapper tutor-icon-bookmark-line\"><\/i>\n\t\t\t<\/a><\/div><\/div><div class=\"course-hover-content\"><div class=\"content\"><span class=\"course-level\">Orta<\/span><h6 class=\"title\"><a href=\"https:\/\/brightmooncenter.com\/az\/courses\/komputer-saslari\/\">Komp\u00fcter \u0259saslar\u0131<\/a><\/h6><div class=\"course-rating\"><\/div><div class=\"course-price\">\t\t\t\t\t<div class=\"price\">\n\t\t\t\t\t\t<del aria-hidden=\"true\"><span class=\"woocommerce-Price-amount amount\"><span class=\"woocommerce-Price-currencySymbol\">&#8380;<\/span>12<span class=\"decimal-separator\">.00<\/span><\/span><\/del> <span class=\"screen-reader-text\">Original price was: &#8380;12.00.<\/span><ins aria-hidden=\"true\"><span class=\"woocommerce-Price-amount amount\"><span class=\"woocommerce-Price-currencySymbol\">&#8380;<\/span>11<span class=\"decimal-separator\">.00<\/span><\/span><\/ins><span class=\"screen-reader-text\">Current price is: &#8380;11.00.<\/span>\t\t\t\t\t<\/div>\n\t\t\t\t\t<\/div><p>Bu onlayn kurs siz\u0259 m\u00fcasir bilik v\u0259 bacar\u0131qlar\u0131 rahat v\u0259 \u00e7evik \u015f\u0259kild\u0259 \u00f6yr\u0259nm\u0259k imkan\u0131 yarad\u0131r. Kurs m\u0259zmunu n\u0259z\u0259ri v\u0259 praktiki...<\/p>\n<ul class=\"course-meta\"><li><i class=\"icon-24\"><\/i>0 Lessons<\/li><li><i class=\"icon-25 icon-course\"><\/i>0 Students<\/li><\/ul><a class=\"edu-btn btn-secondary btn-small\" href=\"https:\/\/brightmooncenter.com\/az\/courses\/komputer-saslari\/\">\u0130ndi qeydiyyatdan ke\u00e7<i class=\"icon-4\"><\/i><\/a><\/div><\/div><\/div><\/div>            <div id=\"post-24651\" class=\"abituriyent buraxilis-imtahanlari ingilis-dili t%c9%99kmill%c9%99sdirm%c9%99 edublink-course-style-1 edublink-course-1-grid-item edublink-col-lg-4 edublink-col-md-6 edublink-col-sm-6 post-24651 courses type-courses status-publish has-post-thumbnail hentry course-category-abituriyent course-category-buraxilis-imtahanlari course-category-ingilis-dili course-category-tkmillsdirm\" class=\"edublink-course-style-1 edublink-course-1-grid-item edublink-col-lg-4 edublink-col-md-6 edublink-col-sm-6 post-24651 courses type-courses status-publish has-post-thumbnail hentry course-category-abituriyent course-category-buraxilis-imtahanlari course-category-ingilis-dili course-category-tkmillsdirm\"  data-sal>\n                <div class=\"edublink-single-course course-style-1\"><div class=\"inner\"><div class=\"thumbnail\"><a class=\"course-thumb\" href=\"https:\/\/brightmooncenter.com\/az\/courses\/new-course1\/\"><img decoding=\"async\" class=\"w-100\" src=\"https:\/\/brightmooncenter.com\/wp-content\/uploads\/2023\/07\/gallery-04.webp\" alt=\"gallery-04\"><\/a><div class=\"time-top\"><span class=\"duration\"><i class=\"icon-61\"><\/i><\/span><\/div><\/div><div class=\"content\"><span class=\"course-level\">Orta<\/span><h6 class=\"title\"><a href=\"https:\/\/brightmooncenter.com\/az\/courses\/new-course1\/\">New Course1<\/a><\/h6><div class=\"course-rating\"><\/div><div class=\"course-price\">Pulsuz<\/div><ul class=\"course-meta\"><li><i class=\"icon-24\"><\/i>0 Lessons<\/li><li><i class=\"icon-25 icon-course\"><\/i>2 Students<\/li><\/ul><\/div><\/div><div class=\"course-hover-content-wrapper\"><div class=\"wishlist-top-right\"><a href=\"javascript:;\"  class=\"tutor-open-login-modal save-bookmark-btn\" data-course-id=\"24651\">\n\t\t\t\t<i class=\"edublink-wishlist-wrapper tutor-icon-bookmark-line\"><\/i>\n\t\t\t<\/a><\/div><\/div><div class=\"course-hover-content\"><div class=\"content\"><span class=\"course-level\">Orta<\/span><h6 class=\"title\"><a href=\"https:\/\/brightmooncenter.com\/az\/courses\/new-course1\/\">New Course1<\/a><\/h6><div class=\"course-rating\"><\/div><div class=\"course-price\">Pulsuz<\/div><p>Lorem Ipsum\u00a0is simply dummy text of the printing and typesetting industry. Lorem Ipsum has been the industry's standard dummy text...<\/p>\n<ul class=\"course-meta\"><li><i class=\"icon-24\"><\/i>0 Lessons<\/li><li><i class=\"icon-25 icon-course\"><\/i>2 Students<\/li><\/ul><a class=\"edu-btn btn-secondary btn-small\" href=\"https:\/\/brightmooncenter.com\/az\/courses\/new-course1\/\">\u0130ndi qeydiyyatdan ke\u00e7<i class=\"icon-4\"><\/i><\/a><\/div><\/div><\/div><\/div><\/div><\/div><div class=\"tutor-modal tutor-login-modal\">\n\t<div class=\"tutor-modal-overlay\"><\/div>\n\t<div class=\"tutor-modal-window tutor-modal-window-sm\">\n\t\t<div class=\"tutor-modal-content tutor-modal-content-white\">\n\t\t\t<button class=\"tutor-iconic-btn tutor-modal-close-o\" data-tutor-modal-close>\n\t\t\t\t<span class=\"tutor-icon-times\" area-hidden=\"true\"><\/span>\n\t\t\t<\/button>\n\n\t\t\t<div class=\"tutor-modal-body\">\n\t\t\t\t<div class=\"tutor-py-48\">\n\t\t\t\t\t\t\t\t\t\t<div class=\"tutor-fs-4 tutor-fw-medium tutor-color-black tutor-mb-32\">Xo\u015f g\u0259lmi\u015fsiniz!<\/div>\n\t\t\t\t\t<form id=\"tutor-login-form\" method=\"post\">\n\t\t<input type=\"hidden\" id=\"_tutor_nonce\" name=\"_tutor_nonce\" value=\"552a9b2837\" \/><input type=\"hidden\" name=\"_wp_http_referer\" value=\"\/az\/wp-json\/wp\/v2\/pages\/24644\" \/>\t<input type=\"hidden\" name=\"tutor_action\" value=\"tutor_user_login\" \/>\n\t<input type=\"hidden\" name=\"redirect_to\" value=\"https:\/\/brightmooncenter.com\/az\/wp-json\/wp\/v2\/pages\/24644\" \/>\n\n\t<div class=\"tutor-mb-20\">\n\t\t<input type=\"text\" class=\"tutor-form-control\" placeholder=\"\u0130stifad\u0259\u00e7i ad\u0131 v\u0259 ya E-po\u00e7t \u00fcnvan\u0131\" name=\"log\" value=\"\" size=\"20\" required\/>\n\t<\/div>\n\n\t<div class=\"tutor-mb-32\">\n\t\t<input type=\"password\" class=\"tutor-form-control\" placeholder=\"\u015eifr\u0259\" name=\"pwd\" value=\"\" size=\"20\" required\/>\n\t<\/div>\n\n\t<div class=\"tutor-login-error\"><\/div>\n\t\t\t<input type=\"hidden\" name=\"timezone\" value=\"+00:00\" \/>\n\t\t<script>\n\t\t\tdocument.addEventListener('DOMContentLoaded', function() {\n\t\t\t\tconst timezone = document.querySelector('input[name=\"timezone\"]');\n\t\t\t\tif ( timezone) {\n\t\t\t\t\tconst tz = Intl.DateTimeFormat().resolvedOptions().timeZone;\n\t\t\t\t\ttimezone.value = tz\n\t\t\t\t}\n\t\t\t});\n\t\t<\/script>\n\t\t\t<div class=\"tutor-d-flex tutor-justify-between tutor-align-center tutor-mb-40\">\n\t\t<div class=\"tutor-form-check\">\n\t\t\t<input id=\"tutor-login-agmnt-1\" type=\"checkbox\" class=\"tutor-form-check-input tutor-bg-black-40\" name=\"rememberme\" value=\"forever\" \/>\n\t\t\t<label for=\"tutor-login-agmnt-1\" class=\"tutor-fs-7 tutor-color-muted\">\n\t\t\t\tYadda saxla\t\t\t<\/label>\n\t\t<\/div>\n\t\t<a href=\"https:\/\/brightmooncenter.com\/dashboard\/retrieve-password\" class=\"tutor-btn tutor-btn-ghost\">\n\t\t\t\u015eifr\u0259ni unutmusunuz?\t\t\t\t<\/a>\n\t<\/div>\n\n\t\t<button type=\"submit\" class=\"tutor-btn tutor-btn-primary tutor-btn-block\">\n\t\tGiri\u015f\t<\/button>\n\t\n\t\t\t\t\t<div class=\"tutor-text-center tutor-fs-6 tutor-color-secondary tutor-mt-20\">\n\t\t\tHesab\u0131n\u0131z yoxdur?&nbsp;\n\t\t\t<a href=\"https:\/\/brightmooncenter.com\/student-registration\/?redirect_to=https:\/\/brightmooncenter.com\/az\/wp-json\/wp\/v2\/pages\/24644\" class=\"tutor-btn tutor-btn-link\">\n\t\t\t\tQeydiyyatdan ke\u00e7in\t\t\t<\/a>\n\t\t<\/div>\n\t\t<\/form>\n<script>\n\tdocument.addEventListener('DOMContentLoaded', function() {\n\t\tvar { __ } = wp.i18n;\n\t\tvar loginModal = document.querySelector('.tutor-modal.tutor-login-modal');\n\t\tvar errors = [];\n\t\tif (loginModal && errors.length) {\n\t\t\tloginModal.classList.add('tutor-is-active');\n\t\t}\n\t});\n<\/script>\n\n\t\t\t\t\t\t\t\t\t<\/div>\n\t\t\t\t\t\t\t<\/div>\n\t\t<\/div>\n\t<\/div>\n<\/div>\n\t\t\t\t<\/div>\n\t\t\t\t<\/div>\n\t\t\t\t\t<\/div>\n\t\t\t\t<\/div>\n\t\t\t\t\t<\/div>\n\t\t<\/div>\n\t\t\t\t\t<\/div>\n\t\t<\/section>\n\t\t\t\t<\/div>\n\t\t","protected":false},"excerpt":{"rendered":"<p>S\u0259nin u\u011furun \u00fc\u00e7\u00fcn haz\u0131rlanm\u0131\u015f kurslar Brightmooncenter-d\u0259 t\u0259klif olunan b\u00fct\u00fcn kurslar t\u0259l\u0259b\u0259l\u0259rin real ehtiyaclar\u0131na uy\u011fun \u015f\u0259kild\u0259 haz\u0131rlan\u0131b. \u0130st\u0259r ali m\u0259kt\u0259b\u0259 haz\u0131rla\u015f, ist\u0259r burax\u0131l\u0131\u015f imtahanlar\u0131ndan y\u00fcks\u0259k bal topla, ist\u0259rs\u0259 d\u0259 ingilis dilind\u0259 s\u0259rb\u0259st dan\u0131\u015f \u2013 biz s\u0259nin yan\u0131nday\u0131q. S\u0259nin u\u011furun \u00fc\u00e7\u00fcn haz\u0131rlanm\u0131\u015f kurslar Brightmooncenter-d\u0259 t\u0259klif olunan b\u00fct\u00fcn kurslar t\u0259l\u0259b\u0259l\u0259rin real ehtiyaclar\u0131na uy\u011fun \u015f\u0259kild\u0259 haz\u0131rlan\u0131b. \u0130st\u0259r ali m\u0259kt\u0259b\u0259&#8230;<\/p>\n","protected":false},"author":1,"featured_media":0,"parent":0,"menu_order":0,"comment_status":"closed","ping_status":"closed","template":"","meta":{"footnotes":""},"class_list":["post-24644","page","type-page","status-publish","hentry"],"_links":{"self":[{"href":"https:\/\/brightmooncenter.com\/az\/wp-json\/wp\/v2\/pages\/24644","targetHints":{"allow":["GET"]}}],"collection":[{"href":"https:\/\/brightmooncenter.com\/az\/wp-json\/wp\/v2\/pages"}],"about":[{"href":"https:\/\/brightmooncenter.com\/az\/wp-json\/wp\/v2\/types\/page"}],"author":[{"embeddable":true,"href":"https:\/\/brightmooncenter.com\/az\/wp-json\/wp\/v2\/users\/1"}],"replies":[{"embeddable":true,"href":"https:\/\/brightmooncenter.com\/az\/wp-json\/wp\/v2\/comments?post=24644"}],"version-history":[{"count":19,"href":"https:\/\/brightmooncenter.com\/az\/wp-json\/wp\/v2\/pages\/24644\/revisions"}],"predecessor-version":[{"id":24999,"href":"https:\/\/brightmooncenter.com\/az\/wp-json\/wp\/v2\/pages\/24644\/revisions\/24999"}],"wp:attachment":[{"href":"https:\/\/brightmooncenter.com\/az\/wp-json\/wp\/v2\/media?parent=24644"}],"curies":[{"name":"wp","href":"https:\/\/api.w.org\/{rel}","templated":true}]}}